{"id":440,"date":"2023-10-11T12:01:23","date_gmt":"2023-10-11T12:01:23","guid":{"rendered":"https:\/\/www.vzdelavanivpsychoterapii.cz\/?page_id=440"},"modified":"2023-10-11T12:04:46","modified_gmt":"2023-10-11T12:04:46","slug":"440-2","status":"publish","type":"page","link":"https:\/\/www.vzdelavanivpsychoterapii.cz\/?page_id=440","title":{"rendered":"Webov\u00e9 str\u00e1nky o psychoterapii a psychologii"},"content":{"rendered":"<p>[et_pb_section fb_built=&#8220;1&#8243; custom_padding_last_edited=&#8220;on|tablet&#8220; admin_label=&#8220;Hero&#8220; _builder_version=&#8220;4.16&#8243; background_image=&#8220;https:\/\/www.vzdelavanivpsychoterapii.cz\/wp-content\/uploads\/2023\/10\/business-coach-0023.jpg&#8220; custom_padding=&#8220;6vw|0px|14vw|0px|false|false&#8220; custom_padding_tablet=&#8220;||6vw|&#8220; custom_padding_phone=&#8220;&#8220; global_colors_info=&#8220;{}&#8220;][\/et_pb_section][et_pb_section fb_built=&#8220;1&#8243; admin_label=&#8220;Contact&#8220; _builder_version=&#8220;4.16&#8243; custom_margin=&#8220;|||&#8220; custom_padding=&#8220;50px|0px|100px|0px|false|false&#8220; global_colors_info=&#8220;{}&#8220;][et_pb_row custom_padding_last_edited=&#8220;on|phone&#8220; _builder_version=&#8220;4.22.2&#8243; background_color=&#8220;#495ca0&#8243; custom_margin=&#8220;-150px|||&#8220; custom_margin_tablet=&#8220;0px|||&#8220; custom_margin_phone=&#8220;|||&#8220; custom_margin_last_edited=&#8220;on|tablet&#8220; custom_padding=&#8220;80px|4%|80px|4%|true|true&#8220; custom_padding_tablet=&#8220;|50px||50px||true&#8220; custom_padding_phone=&#8220;24px|24px|24px|24px|true|true&#8220; animation_style=&#8220;zoom&#8220; animation_intensity_zoom=&#8220;2%&#8220; box_shadow_style=&#8220;preset3&#8243; box_shadow_vertical=&#8220;100px&#8220; box_shadow_blur=&#8220;100px&#8220; box_shadow_spread=&#8220;-60px&#8220; global_colors_info=&#8220;{}&#8220;][et_pb_column type=&#8220;4_4&#8243; _builder_version=&#8220;4.16&#8243; custom_padding=&#8220;|||&#8220; global_colors_info=&#8220;{}&#8220; custom_padding__hover=&#8220;|||&#8220;][et_pb_heading title=&#8220;Webov\u00e9 str\u00e1nky o psychoterapii a psychologii&#8220; _builder_version=&#8220;4.22.2&#8243; _module_preset=&#8220;default&#8220; hover_enabled=&#8220;0&#8243; global_colors_info=&#8220;{}&#8220; title_font_size=&#8220;35px&#8220; sticky_enabled=&#8220;0&#8243;][\/et_pb_heading][et_pb_text _builder_version=&#8220;4.22.2&#8243; _module_preset=&#8220;default&#8220; text_font=&#8220;||||on|||#FFFFFF|&#8220; text_text_color=&#8220;#FFFFFF&#8220; text_font_size=&#8220;21px&#8220; text_line_height=&#8220;1.6em&#8220; link_text_color=&#8220;#FFFFFF&#8220; link_font_size=&#8220;16px&#8220; link_line_height=&#8220;2.1em&#8220; link_option_url_new_window=&#8220;on&#8220; global_colors_info=&#8220;{}&#8220;]<\/p>\n<ul>\n<li><span style=\"text-decoration: underline;\"><span style=\"color: #000000; text-decoration: underline;\"><a href=\"https:\/\/www.czap.cz\/\" style=\"color: #000000; text-decoration: underline;\" target=\"_blank\" rel=\"noopener\">\u010cesk\u00e1 asociace pro psychoterapii \u010cAP<\/a><\/span><\/span><\/li>\n<li><span style=\"text-decoration: underline;\"><span style=\"color: #000000; text-decoration: underline;\"><a href=\"https:\/\/www.europsyche.org\/\" style=\"color: #000000; text-decoration: underline;\" target=\"_blank\" rel=\"noopener\">Evropsk\u00e1 asociace pro psychoterapii EAP<\/a><\/span><\/span><\/li>\n<li><span style=\"text-decoration: underline;\"><span style=\"color: #000000; text-decoration: underline;\"><a href=\"https:\/\/gestaltstudia.cz\/\" style=\"color: #000000; text-decoration: underline;\" target=\"_blank\" rel=\"noopener\">Gestalt studia<\/a><\/span><\/span><\/li>\n<li><span style=\"text-decoration: underline;\"><span style=\"color: #000000; text-decoration: underline;\"><a href=\"http:\/\/instepweb.cz\/\" style=\"color: #000000; text-decoration: underline;\" target=\"_blank\" rel=\"noopener\">Instep<\/a><\/span><\/span><\/li>\n<li><span style=\"text-decoration: underline;\"><span style=\"color: #000000; text-decoration: underline;\"><a href=\"https:\/\/psychoterapie-integrace.cz\/\" style=\"color: #000000; text-decoration: underline;\" target=\"_blank\" rel=\"noopener\">V\u00fdcvik integrace v psychoterapii VIP<\/a><\/span><\/span><\/li>\n<li><span style=\"text-decoration: underline;\"><span style=\"color: #000000; text-decoration: underline;\"><a href=\"http:\/\/www.pbsp.cz\/\" style=\"color: #000000; text-decoration: underline;\" target=\"_blank\" rel=\"noopener\">PBSP<\/a><\/span><\/span><\/li>\n<li><span style=\"text-decoration: underline;\"><span style=\"color: #000000; text-decoration: underline;\"><a href=\"http:\/\/www.biosynthesis.org\/index.html\" style=\"color: #000000; text-decoration: underline;\" target=\"_blank\" rel=\"noopener\">Biosynt\u00e9za<\/a><\/span><\/span><\/li>\n<li><span style=\"text-decoration: underline;\"><span style=\"color: #000000; text-decoration: underline;\"><a href=\"https:\/\/www.remedium.cz\/\" style=\"color: #000000; text-decoration: underline;\" target=\"_blank\" rel=\"noopener\">Remedium<\/a><\/span><\/span><\/li>\n<li><span style=\"text-decoration: underline;\"><span style=\"color: #000000; text-decoration: underline;\"><a href=\"https:\/\/kayumari.cz\/\" style=\"color: #000000; text-decoration: underline;\" target=\"_blank\" rel=\"noopener\">Stargate Kayumari<\/a><\/span><\/span><\/li>\n<li><span style=\"text-decoration: underline;\"><span style=\"color: #000000; text-decoration: underline;\"><a href=\"https:\/\/www.aliviocentrum.cz\/\" style=\"color: #000000; text-decoration: underline;\" target=\"_blank\" rel=\"noopener\">Alivio centrum pro terapii<\/a><\/span><\/span><\/li>\n<li><span style=\"text-decoration: underline;\"><span style=\"color: #000000; text-decoration: underline;\"><a href=\"https:\/\/psychosomatika.cz\/\" style=\"color: #000000; text-decoration: underline;\" target=\"_blank\" rel=\"noopener\">Psychosomatick\u00e1 klinina Praha<\/a><\/span><\/span><\/li>\n<li><span style=\"text-decoration: underline;\"><span style=\"color: #000000; text-decoration: underline;\"><a href=\"https:\/\/www.psychoterapie-andel.cz\/\" style=\"color: #000000; text-decoration: underline;\" target=\"_blank\" rel=\"noopener\">Psychoterapie And\u011bl Praha<\/a><\/span><\/span><\/li>\n<li><span style=\"text-decoration: underline;\"><span style=\"color: #000000; text-decoration: underline;\"><a href=\"https:\/\/www.csspraha.cz\/\" style=\"color: #000000; text-decoration: underline;\" target=\"_blank\" rel=\"noopener\">Krizov\u00e9 centrum Raiaps<\/a><\/span><\/span><\/li>\n<li><span style=\"text-decoration: underline;\"><span style=\"color: #000000; text-decoration: underline;\"><a href=\"https:\/\/bohnice.cz\/krizova-pomoc\/\" style=\"color: #000000; text-decoration: underline;\" target=\"_blank\" rel=\"noopener\">Centrum krizov\u00e9 intervence PN Bohnice<\/a><\/span><\/span><\/li>\n<li><span style=\"text-decoration: underline;\"><span style=\"color: #000000; text-decoration: underline;\"><a href=\"http:\/\/www.lippp.cz\/?page=akceKomplex\" style=\"color: #000000; text-decoration: underline;\" target=\"_blank\" rel=\"noopener\">LIPPP Komplexn\u00ed vzd\u011bl\u00e1vac\u00ed program v psychoterapii<\/a><\/span><\/span><\/li>\n<li><span style=\"text-decoration: underline;\"><span style=\"color: #000000; text-decoration: underline;\"><a href=\"https:\/\/www.lirtaps.cz\/\" style=\"color: #000000; text-decoration: underline;\" target=\"_blank\" rel=\"noopener\">Institut rodinn\u00e9 terapie Lirtaps<\/a><\/span><\/span><\/li>\n<li><span style=\"text-decoration: underline;\"><span style=\"color: #000000; text-decoration: underline;\"><a href=\"https:\/\/www.vzdelavanivpsychoterapii.cz\/\" target=\"_blank\" rel=\"noopener\" style=\"color: #000000; text-decoration: underline;\">vzdelavanivpsychoterapii.cz<\/a><\/span><\/span><\/li>\n<li><span style=\"text-decoration: underline;\"><span style=\"color: #000000; text-decoration: underline;\"><a href=\"https:\/\/fokus-praha.cz\/\" target=\"_blank\" rel=\"noopener\" style=\"color: #000000; text-decoration: underline;\">Fokus Praha<\/a><\/span><\/span><\/li>\n<li><span style=\"text-decoration: underline;\"><span style=\"color: #000000; text-decoration: underline;\"><a href=\"https:\/\/www.psyon.cz\/\" target=\"_blank\" rel=\"noopener\" style=\"color: #000000; text-decoration: underline;\">Psyon<\/a><\/span><\/span><\/li>\n<li><span style=\"text-decoration: underline;\"><span style=\"color: #000000; text-decoration: underline;\"><a href=\"https:\/\/www.rafaelinstitut.cz\/\" target=\"_blank\" rel=\"noopener\" style=\"color: #000000; text-decoration: underline;\">Rafael institut<\/a><\/span><\/span><\/li>\n<li><span style=\"text-decoration: underline;\"><span style=\"color: #000000; text-decoration: underline;\"><a href=\"https:\/\/centrum-lavka.cz\/\" target=\"_blank\" rel=\"noopener\" style=\"color: #000000; text-decoration: underline;\">Psychoterapeutick\u00e9 centrum L\u00e1vka<\/a><\/span><\/span><\/li>\n<li><span style=\"text-decoration: underline;\"><span style=\"color: #000000; text-decoration: underline;\"><a href=\"http:\/\/www.viaduct.cz\/\" target=\"_blank\" rel=\"noopener\" style=\"color: #000000; text-decoration: underline;\">Psychoterapie a supervize centrum Viaduct<\/a><\/span><\/span><\/li>\n<li><span style=\"text-decoration: underline;\"><span style=\"color: #000000; text-decoration: underline;\"><a href=\"https:\/\/www.gestalt-praha.cz\/\" target=\"_blank\" rel=\"noopener\" style=\"color: #000000; text-decoration: underline;\">Institut pro v\u00fdcvik v gestal terapii<\/a><\/span><\/span><\/li>\n<li><span style=\"text-decoration: underline;\"><span style=\"color: #000000; text-decoration: underline;\"><a href=\"https:\/\/www.supervize.eu\/\" target=\"_blank\" rel=\"noopener\" style=\"color: #000000; text-decoration: underline;\">\u010cIS \u010cesk\u00fd institut pro supervizi<\/a><\/span><\/span><\/li>\n<\/ul>\n<p>[\/et_pb_text][\/et_pb_column][\/et_pb_row][\/et_pb_section]<\/p>\n","protected":false},"excerpt":{"rendered":"<p>\u010cesk\u00e1 asociace pro psychoterapii \u010cAP Evropsk\u00e1 asociace pro psychoterapii EAP Gestalt studia Instep V\u00fdcvik integrace v psychoterapii VIP PBSP Biosynt\u00e9za Remedium Stargate Kayumari Alivio centrum pro terapii Psychosomatick\u00e1 klinina Praha Psychoterapie And\u011bl Praha Krizov\u00e9 centrum Raiaps Centrum krizov\u00e9 intervence PN Bohnice LIPPP Komplexn\u00ed vzd\u011bl\u00e1vac\u00ed program v psychoterapii Institut rodinn\u00e9 terapie Lirtaps vzdelavanivpsychoterapii.cz Fokus Praha Psyon [&hellip;]<\/p>\n","protected":false},"author":1,"featured_media":0,"parent":0,"menu_order":0,"comment_status":"closed","ping_status":"closed","template":"","meta":{"_et_pb_use_builder":"on","_et_pb_old_content":"","_et_gb_content_width":"","footnotes":""},"class_list":["post-440","page","type-page","status-publish","hentry"],"yoast_head":"<!-- This site is optimized with the Yoast SEO plugin v21.3 - https:\/\/yoast.com\/wordpress\/plugins\/seo\/ -->\n<title>Webov\u00e9 str\u00e1nky o psychoterapii a psychologii - Psychoterapie traumatu<\/title>\n<meta name=\"robots\" content=\"index, follow, max-snippet:-1, max-image-preview:large, max-video-preview:-1\" \/>\n<link rel=\"canonical\" href=\"https:\/\/www.vzdelavanivpsychoterapii.cz\/?page_id=440\" \/>\n<meta property=\"og:locale\" content=\"cs_CZ\" \/>\n<meta property=\"og:type\" content=\"article\" \/>\n<meta property=\"og:title\" content=\"Webov\u00e9 str\u00e1nky o psychoterapii a psychologii - Psychoterapie traumatu\" \/>\n<meta property=\"og:description\" content=\"\u010cesk\u00e1 asociace pro psychoterapii \u010cAP Evropsk\u00e1 asociace pro psychoterapii EAP Gestalt studia Instep V\u00fdcvik integrace v psychoterapii VIP PBSP Biosynt\u00e9za Remedium Stargate Kayumari Alivio centrum pro terapii Psychosomatick\u00e1 klinina Praha Psychoterapie And\u011bl Praha Krizov\u00e9 centrum Raiaps Centrum krizov\u00e9 intervence PN Bohnice LIPPP Komplexn\u00ed vzd\u011bl\u00e1vac\u00ed program v psychoterapii Institut rodinn\u00e9 terapie Lirtaps vzdelavanivpsychoterapii.cz Fokus Praha Psyon [&hellip;]\" \/>\n<meta property=\"og:url\" content=\"https:\/\/www.vzdelavanivpsychoterapii.cz\/?page_id=440\" \/>\n<meta property=\"og:site_name\" content=\"Psychoterapie traumatu\" \/>\n<meta property=\"article:publisher\" content=\"https:\/\/www.facebook.com\/profile.php?id=100089180415426\" \/>\n<meta property=\"article:modified_time\" content=\"2023-10-11T12:04:46+00:00\" \/>\n<meta name=\"twitter:card\" content=\"summary_large_image\" \/>\n<meta name=\"twitter:label1\" content=\"Odhadovan\u00e1 doba \u010dten\u00ed\" \/>\n\t<meta name=\"twitter:data1\" content=\"2 minuty\" \/>\n<script type=\"application\/ld+json\" class=\"yoast-schema-graph\">{\"@context\":\"https:\/\/schema.org\",\"@graph\":[{\"@type\":\"WebPage\",\"@id\":\"https:\/\/www.vzdelavanivpsychoterapii.cz\/?page_id=440\",\"url\":\"https:\/\/www.vzdelavanivpsychoterapii.cz\/?page_id=440\",\"name\":\"Webov\u00e9 str\u00e1nky o psychoterapii a psychologii - Psychoterapie traumatu\",\"isPartOf\":{\"@id\":\"https:\/\/www.vzdelavanivpsychoterapii.cz\/#website\"},\"datePublished\":\"2023-10-11T12:01:23+00:00\",\"dateModified\":\"2023-10-11T12:04:46+00:00\",\"breadcrumb\":{\"@id\":\"https:\/\/www.vzdelavanivpsychoterapii.cz\/?page_id=440#breadcrumb\"},\"inLanguage\":\"cs\",\"potentialAction\":[{\"@type\":\"ReadAction\",\"target\":[\"https:\/\/www.vzdelavanivpsychoterapii.cz\/?page_id=440\"]}]},{\"@type\":\"BreadcrumbList\",\"@id\":\"https:\/\/www.vzdelavanivpsychoterapii.cz\/?page_id=440#breadcrumb\",\"itemListElement\":[{\"@type\":\"ListItem\",\"position\":1,\"name\":\"Dom\u016f\",\"item\":\"https:\/\/www.vzdelavanivpsychoterapii.cz\/\"},{\"@type\":\"ListItem\",\"position\":2,\"name\":\"Webov\u00e9 str\u00e1nky o psychoterapii a psychologii\"}]},{\"@type\":\"WebSite\",\"@id\":\"https:\/\/www.vzdelavanivpsychoterapii.cz\/#website\",\"url\":\"https:\/\/www.vzdelavanivpsychoterapii.cz\/\",\"name\":\"Psychoterapie traumatu\",\"description\":\"Postgradu\u00e1ln\u00ed semin\u00e1\u0159e\",\"publisher\":{\"@id\":\"https:\/\/www.vzdelavanivpsychoterapii.cz\/#organization\"},\"potentialAction\":[{\"@type\":\"SearchAction\",\"target\":{\"@type\":\"EntryPoint\",\"urlTemplate\":\"https:\/\/www.vzdelavanivpsychoterapii.cz\/?s={search_term_string}\"},\"query-input\":\"required name=search_term_string\"}],\"inLanguage\":\"cs\"},{\"@type\":\"Organization\",\"@id\":\"https:\/\/www.vzdelavanivpsychoterapii.cz\/#organization\",\"name\":\"Psychoterapie traumatu\",\"url\":\"https:\/\/www.vzdelavanivpsychoterapii.cz\/\",\"logo\":{\"@type\":\"ImageObject\",\"inLanguage\":\"cs\",\"@id\":\"https:\/\/www.vzdelavanivpsychoterapii.cz\/#\/schema\/logo\/image\/\",\"url\":\"https:\/\/www.vzdelavanivpsychoterapii.cz\/wp-content\/uploads\/2023\/09\/VP-5.png\",\"contentUrl\":\"https:\/\/www.vzdelavanivpsychoterapii.cz\/wp-content\/uploads\/2023\/09\/VP-5.png\",\"width\":500,\"height\":500,\"caption\":\"Psychoterapie traumatu\"},\"image\":{\"@id\":\"https:\/\/www.vzdelavanivpsychoterapii.cz\/#\/schema\/logo\/image\/\"},\"sameAs\":[\"https:\/\/www.facebook.com\/profile.php?id=100089180415426\"]}]}<\/script>\n<!-- \/ Yoast SEO plugin. -->","yoast_head_json":{"title":"Webov\u00e9 str\u00e1nky o psychoterapii a psychologii - Psychoterapie traumatu","robots":{"index":"index","follow":"follow","max-snippet":"max-snippet:-1","max-image-preview":"max-image-preview:large","max-video-preview":"max-video-preview:-1"},"canonical":"https:\/\/www.vzdelavanivpsychoterapii.cz\/?page_id=440","og_locale":"cs_CZ","og_type":"article","og_title":"Webov\u00e9 str\u00e1nky o psychoterapii a psychologii - Psychoterapie traumatu","og_description":"\u010cesk\u00e1 asociace pro psychoterapii \u010cAP Evropsk\u00e1 asociace pro psychoterapii EAP Gestalt studia Instep V\u00fdcvik integrace v psychoterapii VIP PBSP Biosynt\u00e9za Remedium Stargate Kayumari Alivio centrum pro terapii Psychosomatick\u00e1 klinina Praha Psychoterapie And\u011bl Praha Krizov\u00e9 centrum Raiaps Centrum krizov\u00e9 intervence PN Bohnice LIPPP Komplexn\u00ed vzd\u011bl\u00e1vac\u00ed program v psychoterapii Institut rodinn\u00e9 terapie Lirtaps vzdelavanivpsychoterapii.cz Fokus Praha Psyon [&hellip;]","og_url":"https:\/\/www.vzdelavanivpsychoterapii.cz\/?page_id=440","og_site_name":"Psychoterapie traumatu","article_publisher":"https:\/\/www.facebook.com\/profile.php?id=100089180415426","article_modified_time":"2023-10-11T12:04:46+00:00","twitter_card":"summary_large_image","twitter_misc":{"Odhadovan\u00e1 doba \u010dten\u00ed":"2 minuty"},"schema":{"@context":"https:\/\/schema.org","@graph":[{"@type":"WebPage","@id":"https:\/\/www.vzdelavanivpsychoterapii.cz\/?page_id=440","url":"https:\/\/www.vzdelavanivpsychoterapii.cz\/?page_id=440","name":"Webov\u00e9 str\u00e1nky o psychoterapii a psychologii - Psychoterapie traumatu","isPartOf":{"@id":"https:\/\/www.vzdelavanivpsychoterapii.cz\/#website"},"datePublished":"2023-10-11T12:01:23+00:00","dateModified":"2023-10-11T12:04:46+00:00","breadcrumb":{"@id":"https:\/\/www.vzdelavanivpsychoterapii.cz\/?page_id=440#breadcrumb"},"inLanguage":"cs","potentialAction":[{"@type":"ReadAction","target":["https:\/\/www.vzdelavanivpsychoterapii.cz\/?page_id=440"]}]},{"@type":"BreadcrumbList","@id":"https:\/\/www.vzdelavanivpsychoterapii.cz\/?page_id=440#breadcrumb","itemListElement":[{"@type":"ListItem","position":1,"name":"Dom\u016f","item":"https:\/\/www.vzdelavanivpsychoterapii.cz\/"},{"@type":"ListItem","position":2,"name":"Webov\u00e9 str\u00e1nky o psychoterapii a psychologii"}]},{"@type":"WebSite","@id":"https:\/\/www.vzdelavanivpsychoterapii.cz\/#website","url":"https:\/\/www.vzdelavanivpsychoterapii.cz\/","name":"Psychoterapie traumatu","description":"Postgradu\u00e1ln\u00ed semin\u00e1\u0159e","publisher":{"@id":"https:\/\/www.vzdelavanivpsychoterapii.cz\/#organization"},"potentialAction":[{"@type":"SearchAction","target":{"@type":"EntryPoint","urlTemplate":"https:\/\/www.vzdelavanivpsychoterapii.cz\/?s={search_term_string}"},"query-input":"required name=search_term_string"}],"inLanguage":"cs"},{"@type":"Organization","@id":"https:\/\/www.vzdelavanivpsychoterapii.cz\/#organization","name":"Psychoterapie traumatu","url":"https:\/\/www.vzdelavanivpsychoterapii.cz\/","logo":{"@type":"ImageObject","inLanguage":"cs","@id":"https:\/\/www.vzdelavanivpsychoterapii.cz\/#\/schema\/logo\/image\/","url":"https:\/\/www.vzdelavanivpsychoterapii.cz\/wp-content\/uploads\/2023\/09\/VP-5.png","contentUrl":"https:\/\/www.vzdelavanivpsychoterapii.cz\/wp-content\/uploads\/2023\/09\/VP-5.png","width":500,"height":500,"caption":"Psychoterapie traumatu"},"image":{"@id":"https:\/\/www.vzdelavanivpsychoterapii.cz\/#\/schema\/logo\/image\/"},"sameAs":["https:\/\/www.facebook.com\/profile.php?id=100089180415426"]}]}},"_links":{"self":[{"href":"https:\/\/www.vzdelavanivpsychoterapii.cz\/index.php?rest_route=\/wp\/v2\/pages\/440","targetHints":{"allow":["GET"]}}],"collection":[{"href":"https:\/\/www.vzdelavanivpsychoterapii.cz\/index.php?rest_route=\/wp\/v2\/pages"}],"about":[{"href":"https:\/\/www.vzdelavanivpsychoterapii.cz\/index.php?rest_route=\/wp\/v2\/types\/page"}],"author":[{"embeddable":true,"href":"https:\/\/www.vzdelavanivpsychoterapii.cz\/index.php?rest_route=\/wp\/v2\/users\/1"}],"replies":[{"embeddable":true,"href":"https:\/\/www.vzdelavanivpsychoterapii.cz\/index.php?rest_route=%2Fwp%2Fv2%2Fcomments&post=440"}],"version-history":[{"count":4,"href":"https:\/\/www.vzdelavanivpsychoterapii.cz\/index.php?rest_route=\/wp\/v2\/pages\/440\/revisions"}],"predecessor-version":[{"id":445,"href":"https:\/\/www.vzdelavanivpsychoterapii.cz\/index.php?rest_route=\/wp\/v2\/pages\/440\/revisions\/445"}],"wp:attachment":[{"href":"https:\/\/www.vzdelavanivpsychoterapii.cz\/index.php?rest_route=%2Fwp%2Fv2%2Fmedia&parent=440"}],"curies":[{"name":"wp","href":"https:\/\/api.w.org\/{rel}","templated":true}]}}